{"id":841,"date":"2018-05-24T14:33:32","date_gmt":"2018-05-24T12:33:32","guid":{"rendered":"http:\/\/thomasrautenberg.net\/?page_id=841"},"modified":"2018-05-24T15:03:23","modified_gmt":"2018-05-24T13:03:23","slug":"datenschutzhinweis","status":"publish","type":"page","link":"https:\/\/thomasrautenberg.net\/?page_id=841","title":{"rendered":"Datenschutzhinweis"},"content":{"rendered":"<p>Wir, die Betreiber dieser Internetseite, achten auf den Schutz Ihrer pers\u00f6nlichen Daten. Wir behandeln Ihre personenbezogenen Daten vertraulich und entsprechend der gesetzlichen Datenschutzvorschriften sowie dieser Datenschutzerkl\u00e4rung.<\/p>\n<p>Die Nutzung unserer Website ist in der Regel ohne Angabe personenbezogener Daten m\u00f6glich. Soweit auf unseren Seiten personenbezogene Daten (beispielsweise Name, Anschrift oder E-Mail-Adressen) erhoben werden, erfolgt dies, soweit m\u00f6glich, stets auf freiwilliger Basis. Diese Daten werden ohne Ihre ausdr\u00fcckliche Zustimmung nicht an Dritte weitergegeben.<\/p>\n<p>Wir weisen darauf hin, dass die Daten\u00fcbertragung im Internet (z.B. bei der Kommunikation per E-Mail) Sicherheitsl\u00fccken aufweisen kann. Ein l\u00fcckenloser Schutz der Daten vor dem Zugriff durch Dritte ist nicht m\u00f6glich.<\/p>\n<h3>Personenbezogene Daten<\/h3>\n<p>Personenbezogene Daten sind Informationen, die dazu genutzt werden k\u00f6nnen, die Identit\u00e4t zu erfahren. Darunter fallen Informationen wie richtiger Name, Adresse, Postanschrift, Telefonnummer. Informationen, die nicht direkt mit der wirklichen Identit\u00e4t in Verbindung gebracht werden (wie zum Beispiel favorisierte Webseiten oder Anzahl der Nutzer einer Internetseite) fallen nicht darunter.<\/p>\n<p>In Verbindung mit dem Zugriff auf unsere Seiten werden serverseitig Daten (zum Beispiel IP-Adresse, Datum, Uhrzeit und betrachtete Seiten) gespeichert. Es findet keine personenbezogene Verwertung statt. Die statistische Auswertung anonymisierter Datens\u00e4tze bleibt vorbehalten.<br \/>\nWir nutzen die pers\u00f6nlichen Daten zu Zwecken der technischen Administration der Webseiten und zur Kundenverwaltung nur im jeweils daf\u00fcr erforderlichen Umfang. Dar\u00fcber hinaus werden pers\u00f6nliche Daten nur dann gespeichert, wenn diese freiwillig angegeben werden.<\/p>\n<h3>Rechte des Nutzers: Auskunft, Berichtigung und L\u00f6schung<\/h3>\n<p>Sie als Nutzer erhalten auf Antrag Ihrerseits kostenlose Auskunft dar\u00fcber, welche personenbezogenen Daten \u00fcber Sie gespeichert wurden. Sofern Ihr Wunsch nicht mit einer gesetzlichen Pflicht zur Aufbewahrung von Daten (z.B. Vorratsdatenspeicherung) kollidiert, haben Sie ein Anrecht auf Berichtigung falscher Daten und auf die Sperrung oder L\u00f6schung Ihrer personenbezogener Daten.<\/p>\n<h3>Weitergabe personenbezogener Daten<\/h3>\n<p>Wir verwenden personenbezogene Informationen nur f\u00fcr diese Webseite. Wir geben die Informationen nicht ohne ausdr\u00fcckliches Einverst\u00e4ndnis an Dritte weiter. Sollten im Rahmen der Auftragsdatenverarbeitung Daten an Dienstleister weitergegeben werden, so sind diese an das Bundesdatenschutzgesetz BDSG, andere gesetzliche Vorschriften und an diese Privacy Policy gebunden.<br \/>\nErhebungen beziehungsweise \u00fcbermittlungen pers\u00f6nlicher Daten an staatliche Einrichtungen und Beh\u00f6rden erfolgen nur im Rahmen zwingender Rechtsvorschriften.<\/p>\n<h3>Cookies<\/h3>\n<p>Die Internetseiten verwenden so genannte Cookies. Cookies richten auf Ihrem Rechner keinen Schaden an und enthalten keine Viren. Cookies dienen dazu, unser Angebot nutzerfreundlicher, effektiver und sicherer zu machen. Cookies sind kleine Textdateien, die auf Ihrem Rechner abgelegt werden und die Ihr Browser speichert.<\/p>\n<h3>Was machen unsere Cookies?<\/h3>\n<p>Als Besucher\/-in unserer Webseiten haben Sie die M\u00f6glichkeit, Ihre pers\u00f6nlichen Pr\u00e4ferenzen bez\u00fcglich der Gr\u00f6\u00dfe des Titelbilds einzustellen (der kleine Pfeil links unter dem Titelbild). Diese Einstellungen werden f\u00fcr Sie als Cookie gespeichert, damit Sie die Bildgr\u00f6\u00dfe nicht jedes Mal aufs Neue ver\u00e4ndern m\u00fcssen.<\/p>\n<h3>Wie handhaben wir Cookies?<\/h3>\n<p>Um eine m\u00f6glichst flexible Handhabung von Cookies zu gew\u00e4hrleisten, bieten wir unseren Seitenbesuchern die M\u00f6glichkeit des so genannten &#8222;opt-out&#8220;. Das bedeutet, dass Sie die Verwendung von Cookies auch explizit ablehnen k\u00f6nnen, wenn Sie das m\u00f6chten.<\/p>\n<p>Sie k\u00f6nnen jederzeit Ihre Cookie-Einstellungen \u00e4ndern, indem Sie links unten auf den Reiter<br \/>\n&#8222;Cookie-Einstellungen&#8220; klicken. Darauf hin erscheint wieder der Balken, auf dem Sie Cookies entweder ablehnen oder akzeptieren k\u00f6nnen.<\/p>\n<h3>Kinder und Jugendliche<\/h3>\n<p>Personen unter 18 Jahren sollten ohne Zustimmung der Eltern oder Erziehungsberechtigten keine personenbezogenen Daten an uns \u00fcbermitteln. Wir fordern keine personenbezogenen Daten von Kindern an, sammeln diese nicht und geben sie nicht an Dritte weiter.<\/p>\n<h3>Auskunftsrecht<\/h3>\n<p>Sie haben jederzeit das Recht auf Auskunft \u00fcber die bez\u00fcglich Ihrer Person gespeicherten Daten, deren Herkunft und Empf\u00e4nger sowie den Zweck der Datenverarbeitung. Auskunft \u00fcber die gespeicherten Daten erhalten Sie kostenlos auf Antrag.<\/p>\n<h3>Sicherheitshinweis<\/h3>\n<p>Wir sind bem\u00fcht Ihre personenbezogenen Daten durch Ergreifen aller technischen und organisatorischen M\u00f6glichkeiten so zu speichern, dass sie f\u00fcr Dritte nicht zug\u00e4nglich sind. Bei der Kommunikation per E Mail kann die vollst\u00e4ndige Datensicherheit von uns nicht gew\u00e4hrleistet werden, so dass wir Ihnen bei vertraulichen Informationen den Postweg empfehlen.<\/p>\n","protected":false},"excerpt":{"rendered":"<p>Wir, die Betreiber dieser Internetseite, achten auf den Schutz Ihrer pers\u00f6nlichen Daten. Wir behandeln Ihre&#8230;<\/p>\n","protected":false},"author":1,"featured_media":0,"parent":0,"menu_order":0,"comment_status":"closed","ping_status":"closed","template":"","meta":{"footnotes":""},"class_list":["post-841","page","type-page","status-publish","hentry"],"_links":{"self":[{"href":"https:\/\/thomasrautenberg.net\/index.php?rest_route=\/wp\/v2\/pages\/841","targetHints":{"allow":["GET"]}}],"collection":[{"href":"https:\/\/thomasrautenberg.net\/index.php?rest_route=\/wp\/v2\/pages"}],"about":[{"href":"https:\/\/thomasrautenberg.net\/index.php?rest_route=\/wp\/v2\/types\/page"}],"author":[{"embeddable":true,"href":"https:\/\/thomasrautenberg.net\/index.php?rest_route=\/wp\/v2\/users\/1"}],"replies":[{"embeddable":true,"href":"https:\/\/thomasrautenberg.net\/index.php?rest_route=%2Fwp%2Fv2%2Fcomments&post=841"}],"version-history":[{"count":3,"href":"https:\/\/thomasrautenberg.net\/index.php?rest_route=\/wp\/v2\/pages\/841\/revisions"}],"predecessor-version":[{"id":846,"href":"https:\/\/thomasrautenberg.net\/index.php?rest_route=\/wp\/v2\/pages\/841\/revisions\/846"}],"wp:attachment":[{"href":"https:\/\/thomasrautenberg.net\/index.php?rest_route=%2Fwp%2Fv2%2Fmedia&parent=841"}],"curies":[{"name":"wp","href":"https:\/\/api.w.org\/{rel}","templated":true}]}}